{"id":605,"date":"2025-12-15T17:16:21","date_gmt":"2025-12-15T16:16:21","guid":{"rendered":"https:\/\/cristel-art.com\/?post_type=product&#038;p=605"},"modified":"2025-12-15T17:29:20","modified_gmt":"2025-12-15T16:29:20","slug":"dessin-lutteur-de-sumo-sumotori-rikishi-iii-arts-martiaux-a-la-pierre-noire-et-encre-de-chine-sur-papier-297-x-40-cm","status":"publish","type":"product","link":"https:\/\/cristel-art.com\/index.php\/produit\/dessin-lutteur-de-sumo-sumotori-rikishi-iii-arts-martiaux-a-la-pierre-noire-et-encre-de-chine-sur-papier-297-x-40-cm\/","title":{"rendered":"Dessin \u00ab\u00a0Lutteur de sumo Sumotori &#8211; Rikishi\u00a0 III &#8211; Arts Martiaux\u00a0\u00bb \u00e0 la pierre noire et encre de Chine sur papier 29,7 \u00d7 40 cm"},"content":{"rendered":"","protected":false},"excerpt":{"rendered":"<table width=\"1139\">\n<tbody>\n<tr>\n<td width=\"1139\">Ce dessin \u00ab\u00a0Lutteur de sumo Sumotori &#8211; Rikishi\u00a0 III &#8211; Arts Martiaux\u00a0\u00bb \u00e0 la pierre noire et encre de Chine sur papier 29,7 \u00d7 40 cm repr\u00e9sente un lutteur de sumo dans toute la puissance et la solennit\u00e9 propres \u00e0 cet art japonais ancestral.<br \/>\nJ&rsquo;ai voulu repr\u00e9senter la silhouette massive du rikishi, le corps ancr\u00e9 dans le sol, les bras d\u00e9ploy\u00e9s dans un moment suspendu.<br \/>\nLe visage, partiellement esquiss\u00e9, laisse transpara\u00eetre la concentration int\u00e9rieure au moment du tachi-ai. L&rsquo;encre de Chine appuie la force de l&rsquo;engagement du lutteur.<br \/>\nL\u2019ensemble allie puissance et spiritualit\u00e9 offrant une interpr\u00e9tation contemporaine d\u2019un th\u00e8me profond\u00e9ment ancr\u00e9 dans la culture japonaise.<\/p>\n<p>L&rsquo;\u0153uvre est vendue nue sans passe-partout ni cadre.<\/td>\n<\/tr>\n<\/tbody>\n<\/table>\n","protected":false},"featured_media":606,"template":"","meta":{"site-sidebar-layout":"default","site-content-layout":"","ast-site-content-layout":"default","site-content-style":"default","site-sidebar-style":"default","ast-global-header-display":"","ast-banner-title-visibility":"","ast-main-header-display":"","ast-hfb-above-header-display":"","ast-hfb-below-header-display":"","ast-hfb-mobile-header-display":"","site-post-title":"","ast-breadcrumbs-content":"","ast-featured-img":"","footer-sml-layout":"","ast-disable-related-posts":"","theme-transparent-header-meta":"default","adv-header-id-meta":"","stick-header-meta":"","header-above-stick-meta":"","header-main-stick-meta":"","header-below-stick-meta":"","astra-migrate-meta-layouts":"set","ast-page-background-enabled":"default","ast-page-background-meta":{"desktop":{"background-color":"var(--ast-global-color-5)","background-image":"","background-repeat":"repeat","background-position":"center center","background-size":"auto","background-attachment":"scroll","background-type":"","background-media":"","overlay-type":"","overlay-color":"","overlay-opacity":"","overlay-gradient":""},"tablet":{"background-color":"","background-image":"","background-repeat":"repeat","background-position":"center center","background-size":"auto","background-attachment":"scroll","background-type":"","background-media":"","overlay-type":"","overlay-color":"","overlay-opacity":"","overlay-gradient":""},"mobile":{"background-color":"","background-image":"","background-repeat":"repeat","background-position":"center center","background-size":"auto","background-attachment":"scroll","background-type":"","background-media":"","overlay-type":"","overlay-color":"","overlay-opacity":"","overlay-gradient":""}},"ast-content-background-meta":{"desktop":{"background-color":"var(--ast-global-color-4)","background-image":"","background-repeat":"repeat","background-position":"center center","background-size":"auto","background-attachment":"scroll","background-type":"","background-media":"","overlay-type":"","overlay-color":"","overlay-opacity":"","overlay-gradient":""},"tablet":{"background-color":"var(--ast-global-color-4)","background-image":"","background-repeat":"repeat","background-position":"center center","background-size":"auto","background-attachment":"scroll","background-type":"","background-media":"","overlay-type":"","overlay-color":"","overlay-opacity":"","overlay-gradient":""},"mobile":{"background-color":"var(--ast-global-color-4)","background-image":"","background-repeat":"repeat","background-position":"center center","background-size":"auto","background-attachment":"scroll","background-type":"","background-media":"","overlay-type":"","overlay-color":"","overlay-opacity":"","overlay-gradient":""}}},"product_brand":[],"product_cat":[22],"product_tag":[],"class_list":{"0":"post-605","1":"product","2":"type-product","3":"status-publish","4":"has-post-thumbnail","6":"product_cat-le-corps-et-le-mouvement","7":"desktop-align-left","8":"tablet-align-left","9":"mobile-align-left","11":"first","12":"instock","13":"shipping-taxable","14":"purchasable","15":"product-type-simple"},"jetpack_sharing_enabled":true,"_links":{"self":[{"href":"https:\/\/cristel-art.com\/index.php\/wp-json\/wp\/v2\/product\/605","targetHints":{"allow":["GET"]}}],"collection":[{"href":"https:\/\/cristel-art.com\/index.php\/wp-json\/wp\/v2\/product"}],"about":[{"href":"https:\/\/cristel-art.com\/index.php\/wp-json\/wp\/v2\/types\/product"}],"wp:featuredmedia":[{"embeddable":true,"href":"https:\/\/cristel-art.com\/index.php\/wp-json\/wp\/v2\/media\/606"}],"wp:attachment":[{"href":"https:\/\/cristel-art.com\/index.php\/wp-json\/wp\/v2\/media?parent=605"}],"wp:term":[{"taxonomy":"product_brand","embeddable":true,"href":"https:\/\/cristel-art.com\/index.php\/wp-json\/wp\/v2\/product_brand?post=605"},{"taxonomy":"product_cat","embeddable":true,"href":"https:\/\/cristel-art.com\/index.php\/wp-json\/wp\/v2\/product_cat?post=605"},{"taxonomy":"product_tag","embeddable":true,"href":"https:\/\/cristel-art.com\/index.php\/wp-json\/wp\/v2\/product_tag?post=605"}],"curies":[{"name":"wp","href":"https:\/\/api.w.org\/{rel}","templated":true}]}}