{"id":516,"date":"2025-10-06T19:18:20","date_gmt":"2025-10-06T17:18:20","guid":{"rendered":"https:\/\/cristel-art.com\/?post_type=product&#038;p=516"},"modified":"2025-12-14T17:38:59","modified_gmt":"2025-12-14T16:38:59","slug":"lyon-tete-dor-les-grandes-serres-acrylique-sur-papier-20-x-20","status":"publish","type":"product","link":"https:\/\/cristel-art.com\/index.php\/produit\/lyon-tete-dor-les-grandes-serres-acrylique-sur-papier-20-x-20\/","title":{"rendered":"Lyon T\u00eate d&rsquo;Or &#8211; Les grandes serres &#8211; Acrylique sur papier &#8211; 20 x 20"},"content":{"rendered":"","protected":false},"excerpt":{"rendered":"<table width=\"1148\">\n<tbody>\n<tr>\n<td width=\"1148\">Cette petite peinture contemporaine \u00ab\u00a0Lyon T\u00eate d&rsquo;Or &#8211; Les grandes serres\u00a0\u00bb fait partie d&rsquo;une s\u00e9rie &#8211; La ville en bleue &#8211;<br \/>\nJ&rsquo;ai voulu vous transporter dans le jardin botanique des lyonnais ou le Cypr\u00e8s chauve, Ginkgo, S\u00e9quo\u00efa g\u00e9ant ou petits Erables du Japon jouent avec le vent&#8230;<br \/>\nAvec toute ma sensibilit\u00e9, j&rsquo;essaie de vous emmener dans un r\u00eave, un po\u00e8me ou les touches de couleur vibrent et se m\u00ealent.<br \/>\nL&rsquo;\u0153uvre\u00a0 est vendue nue sans passe-partout ni cadre. La pr\u00e9sentation sur fond noir est une mise en sc\u00e8ne pour la prise de vue.<\/td>\n<\/tr>\n<\/tbody>\n<\/table>\n","protected":false},"featured_media":517,"template":"","meta":{"site-sidebar-layout":"default","site-content-layout":"","ast-site-content-layout":"default","site-content-style":"default","site-sidebar-style":"default","ast-global-header-display":"","ast-banner-title-visibility":"","ast-main-header-display":"","ast-hfb-above-header-display":"","ast-hfb-below-header-display":"","ast-hfb-mobile-header-display":"","site-post-title":"","ast-breadcrumbs-content":"","ast-featured-img":"","footer-sml-layout":"","ast-disable-related-posts":"","theme-transparent-header-meta":"default","adv-header-id-meta":"","stick-header-meta":"","header-above-stick-meta":"","header-main-stick-meta":"","header-below-stick-meta":"","astra-migrate-meta-layouts":"set","ast-page-background-enabled":"default","ast-page-background-meta":{"desktop":{"background-color":"var(--ast-global-color-5)","background-image":"","background-repeat":"repeat","background-position":"center center","background-size":"auto","background-attachment":"scroll","background-type":"","background-media":"","overlay-type":"","overlay-color":"","overlay-opacity":"","overlay-gradient":""},"tablet":{"background-color":"","background-image":"","background-repeat":"repeat","background-position":"center center","background-size":"auto","background-attachment":"scroll","background-type":"","background-media":"","overlay-type":"","overlay-color":"","overlay-opacity":"","overlay-gradient":""},"mobile":{"background-color":"","background-image":"","background-repeat":"repeat","background-position":"center center","background-size":"auto","background-attachment":"scroll","background-type":"","background-media":"","overlay-type":"","overlay-color":"","overlay-opacity":"","overlay-gradient":""}},"ast-content-background-meta":{"desktop":{"background-color":"var(--ast-global-color-4)","background-image":"","background-repeat":"repeat","background-position":"center center","background-size":"auto","background-attachment":"scroll","background-type":"","background-media":"","overlay-type":"","overlay-color":"","overlay-opacity":"","overlay-gradient":""},"tablet":{"background-color":"var(--ast-global-color-4)","background-image":"","background-repeat":"repeat","background-position":"center center","background-size":"auto","background-attachment":"scroll","background-type":"","background-media":"","overlay-type":"","overlay-color":"","overlay-opacity":"","overlay-gradient":""},"mobile":{"background-color":"var(--ast-global-color-4)","background-image":"","background-repeat":"repeat","background-position":"center center","background-size":"auto","background-attachment":"scroll","background-type":"","background-media":"","overlay-type":"","overlay-color":"","overlay-opacity":"","overlay-gradient":""}}},"product_brand":[],"product_cat":[25],"product_tag":[],"class_list":{"0":"post-516","1":"product","2":"type-product","3":"status-publish","4":"has-post-thumbnail","6":"product_cat-la-ville","7":"desktop-align-left","8":"tablet-align-left","9":"mobile-align-left","11":"first","12":"outofstock","13":"shipping-taxable","14":"product-type-simple"},"jetpack_sharing_enabled":true,"_links":{"self":[{"href":"https:\/\/cristel-art.com\/index.php\/wp-json\/wp\/v2\/product\/516","targetHints":{"allow":["GET"]}}],"collection":[{"href":"https:\/\/cristel-art.com\/index.php\/wp-json\/wp\/v2\/product"}],"about":[{"href":"https:\/\/cristel-art.com\/index.php\/wp-json\/wp\/v2\/types\/product"}],"wp:featuredmedia":[{"embeddable":true,"href":"https:\/\/cristel-art.com\/index.php\/wp-json\/wp\/v2\/media\/517"}],"wp:attachment":[{"href":"https:\/\/cristel-art.com\/index.php\/wp-json\/wp\/v2\/media?parent=516"}],"wp:term":[{"taxonomy":"product_brand","embeddable":true,"href":"https:\/\/cristel-art.com\/index.php\/wp-json\/wp\/v2\/product_brand?post=516"},{"taxonomy":"product_cat","embeddable":true,"href":"https:\/\/cristel-art.com\/index.php\/wp-json\/wp\/v2\/product_cat?post=516"},{"taxonomy":"product_tag","embeddable":true,"href":"https:\/\/cristel-art.com\/index.php\/wp-json\/wp\/v2\/product_tag?post=516"}],"curies":[{"name":"wp","href":"https:\/\/api.w.org\/{rel}","templated":true}]}}