{"id":499,"date":"2025-10-06T10:48:31","date_gmt":"2025-10-06T08:48:31","guid":{"rendered":"https:\/\/cristel-art.com\/?post_type=product&#038;p=499"},"modified":"2025-10-06T11:03:38","modified_gmt":"2025-10-06T09:03:38","slug":"tableau-parkour-street-workout-lhomme-en-equilibre-encre-de-chine-sur-papier-17-x-21","status":"publish","type":"product","link":"https:\/\/cristel-art.com\/index.php\/produit\/tableau-parkour-street-workout-lhomme-en-equilibre-encre-de-chine-sur-papier-17-x-21\/","title":{"rendered":"Tableau \u00ab\u00a0Parkour Street Workout, L&rsquo;homme en Equilibre\u00a0\u00bb &#8211; Encre de chine sur papier 17 x 21"},"content":{"rendered":"","protected":false},"excerpt":{"rendered":"<table width=\"1024\">\n<tbody>\n<tr>\n<td width=\"1024\">Avec cette encre de chine, j\u2019ai voulu saisir le mouvement dans toute sa spontan\u00e9it\u00e9.<br \/>\nQuelques traits suffisent pour sugg\u00e9rer la force et l\u2019\u00e9quilibre du corps.<br \/>\nLe vide autour amplifie le geste, laissant respirer la composition.<br \/>\nC\u2019est une \u00e9tude \u00e0 la fois simple et expressive, o\u00f9 chaque ligne raconte une \u00e9nergie.<br \/>\nL&rsquo;\u0153uvre est vendue encadr\u00e9e avec un passe-partout et cadre noirs 23 x 32.<\/td>\n<\/tr>\n<\/tbody>\n<\/table>\n","protected":false},"featured_media":501,"template":"","meta":{"site-sidebar-layout":"default","site-content-layout":"","ast-site-content-layout":"default","site-content-style":"default","site-sidebar-style":"default","ast-global-header-display":"","ast-banner-title-visibility":"","ast-main-header-display":"","ast-hfb-above-header-display":"","ast-hfb-below-header-display":"","ast-hfb-mobile-header-display":"","site-post-title":"","ast-breadcrumbs-content":"","ast-featured-img":"","footer-sml-layout":"","ast-disable-related-posts":"","theme-transparent-header-meta":"default","adv-header-id-meta":"","stick-header-meta":"","header-above-stick-meta":"","header-main-stick-meta":"","header-below-stick-meta":"","astra-migrate-meta-layouts":"set","ast-page-background-enabled":"default","ast-page-background-meta":{"desktop":{"background-color":"var(--ast-global-color-5)","background-image":"","background-repeat":"repeat","background-position":"center center","background-size":"auto","background-attachment":"scroll","background-type":"","background-media":"","overlay-type":"","overlay-color":"","overlay-opacity":"","overlay-gradient":""},"tablet":{"background-color":"","background-image":"","background-repeat":"repeat","background-position":"center center","background-size":"auto","background-attachment":"scroll","background-type":"","background-media":"","overlay-type":"","overlay-color":"","overlay-opacity":"","overlay-gradient":""},"mobile":{"background-color":"","background-image":"","background-repeat":"repeat","background-position":"center center","background-size":"auto","background-attachment":"scroll","background-type":"","background-media":"","overlay-type":"","overlay-color":"","overlay-opacity":"","overlay-gradient":""}},"ast-content-background-meta":{"desktop":{"background-color":"var(--ast-global-color-4)","background-image":"","background-repeat":"repeat","background-position":"center center","background-size":"auto","background-attachment":"scroll","background-type":"","background-media":"","overlay-type":"","overlay-color":"","overlay-opacity":"","overlay-gradient":""},"tablet":{"background-color":"var(--ast-global-color-4)","background-image":"","background-repeat":"repeat","background-position":"center center","background-size":"auto","background-attachment":"scroll","background-type":"","background-media":"","overlay-type":"","overlay-color":"","overlay-opacity":"","overlay-gradient":""},"mobile":{"background-color":"var(--ast-global-color-4)","background-image":"","background-repeat":"repeat","background-position":"center center","background-size":"auto","background-attachment":"scroll","background-type":"","background-media":"","overlay-type":"","overlay-color":"","overlay-opacity":"","overlay-gradient":""}}},"product_brand":[],"product_cat":[22],"product_tag":[],"class_list":{"0":"post-499","1":"product","2":"type-product","3":"status-publish","4":"has-post-thumbnail","6":"product_cat-le-corps-et-le-mouvement","7":"desktop-align-left","8":"tablet-align-left","9":"mobile-align-left","11":"first","12":"instock","13":"shipping-taxable","14":"purchasable","15":"product-type-simple"},"jetpack_sharing_enabled":true,"_links":{"self":[{"href":"https:\/\/cristel-art.com\/index.php\/wp-json\/wp\/v2\/product\/499","targetHints":{"allow":["GET"]}}],"collection":[{"href":"https:\/\/cristel-art.com\/index.php\/wp-json\/wp\/v2\/product"}],"about":[{"href":"https:\/\/cristel-art.com\/index.php\/wp-json\/wp\/v2\/types\/product"}],"wp:featuredmedia":[{"embeddable":true,"href":"https:\/\/cristel-art.com\/index.php\/wp-json\/wp\/v2\/media\/501"}],"wp:attachment":[{"href":"https:\/\/cristel-art.com\/index.php\/wp-json\/wp\/v2\/media?parent=499"}],"wp:term":[{"taxonomy":"product_brand","embeddable":true,"href":"https:\/\/cristel-art.com\/index.php\/wp-json\/wp\/v2\/product_brand?post=499"},{"taxonomy":"product_cat","embeddable":true,"href":"https:\/\/cristel-art.com\/index.php\/wp-json\/wp\/v2\/product_cat?post=499"},{"taxonomy":"product_tag","embeddable":true,"href":"https:\/\/cristel-art.com\/index.php\/wp-json\/wp\/v2\/product_tag?post=499"}],"curies":[{"name":"wp","href":"https:\/\/api.w.org\/{rel}","templated":true}]}}